{"id":53,"date":"2017-09-28T15:12:06","date_gmt":"2017-09-28T15:12:06","guid":{"rendered":"https:\/\/blogowisko.com.pl\/?page_id=53"},"modified":"2023-06-28T21:16:02","modified_gmt":"2023-06-28T21:16:02","slug":"wp","status":"publish","type":"page","link":"https:\/\/blogowisko.com.pl\/","title":{"rendered":"Strona G\u0142\u00f3wna"},"content":{"rendered":"\n<p>Serdecznie witam na swoim blogu. Witryna <a href=\"https:\/\/blogowisko.com.pl\" target=\"_blank\" rel=\"noopener\" title=\"\">blogowisko.com.pl<\/a> jest i b\u0119dzie blogiem, w kt\u00f3rym nie unikam i nie b\u0119d\u0119 unika\u0142a trudnych temat\u00f3w.&nbsp;<\/p>\n\n\n\n<p>W dzisiejszych czasach wiele os\u00f3b unika trudnych temat\u00f3w, zw\u0142aszcza w rozmowach publicznych czy na \u0142amach medi\u00f3w spo\u0142eczno\u015bciowych. Jednak\u017ce, czy powinni\u015bmy unika\u0107 tych temat\u00f3w? Czy lepiej jest mie\u0107 pe\u0142n\u0105 \u015bwiadomo\u015b\u0107 sytuacji i stawi\u0107 jej czo\u0142a, czy te\u017c ucieka\u0107 przed ni\u0105?<\/p>\n\n\n\n<p>Zacznijmy od tego, \u017ce unikanie trudnych temat\u00f3w mo\u017ce prowadzi\u0107 do eskalacji problem\u00f3w. Wielokrotnie zdarza si\u0119, \u017ce unikni\u0119cie rozmowy lub zignorowanie pewnej sytuacji powoduje, \u017ce problem staje si\u0119 wi\u0119kszy i trudniejszy do rozwi\u0105zania. Ponadto, unikanie trudnych temat\u00f3w mo\u017ce prowadzi\u0107 do konflikt\u00f3w, kt\u00f3re z czasem mog\u0105 narasta\u0107 i zagra\u017ca\u0107 relacjom mi\u0119dzyludzkim.<\/p>\n\n\n\n<p>Nast\u0119pnie, powinni\u015bmy pami\u0119ta\u0107 o tonie i sposobie, w jaki przekazujemy swoje my\u015bli i uczucia. Nie chodzi o to, aby narzuca\u0107 swoje stanowisko, ale raczej o wyra\u017cenie swojego punktu widzenia w spos\u00f3b szanuj\u0105cy drug\u0105 osob\u0119. Wa\u017cne jest, aby s\u0142ucha\u0107 drugiej strony i stara\u0107 si\u0119 zrozumie\u0107 jej perspektyw\u0119.<\/p>\n\n\n\n<p>Ostatecznie, wa\u017cne jest, aby d\u0105\u017cy\u0107 do znalezienia rozwi\u0105zania problemu, a nie tylko koncentrowa\u0107 si\u0119 na krytykowaniu i oskar\u017caniu. Dobra rozmowa powinna skupia\u0107 si\u0119 na znalezieniu kompromisu i pracy razem, aby rozwi\u0105za\u0107 problem.<\/p>\n\n\n\n<p>Wnioskuj\u0105c, unikanie trudnych temat\u00f3w nie jest najlepszym rozwi\u0105zaniem. Warto zastanowi\u0107 si\u0119, jak mo\u017cemy podej\u015b\u0107 do tych temat\u00f3w w spos\u00f3b konstruktywny i szanuj\u0105cy, aby rozwi\u0105za\u0107 problemy i poprawi\u0107 nasze relacje z innymi lud\u017ami. <\/p>\n\n\n\n<p>W\u0142a\u015bnie dlatego o tego rodzaju tematach zamierzam pisa\u0107, by osoby kt\u00f3re b\u0119d\u0105 czyta\u0142y mojego bloga, zastanowi\u0142y si\u0119 nad stylem dzisiejszego \u017cycia, tego jak sami \u017cyjemy, co robimy, jaki jest podzia\u0142 warto\u015bci w dzisiejszym \u015bwiecie i czy na pewno nie chcemy nic zmienia\u0107. <\/p>\n\n\n\n<p>Jednocze\u015bnie pragn\u0119 zauwa\u017cy\u0107, \u017ce osoby zastanawiaj\u0105ce si\u0119 co do norm i zasad obowi\u0105zuj\u0105cych na niniejszym blogu, mog\u0105 skorzysta\u0107 z informacji zawartych odpowiednio na stronach <a href=\"https:\/\/blogowisko.com.pl\/regulamin\/\" target=\"_blank\" rel=\"noopener\" title=\"Regulamin\">Regulamin<\/a> oraz <a href=\"https:\/\/blogowisko.com.pl\/polityka-prywatnosci\/\" target=\"_blank\" rel=\"noopener\" title=\"Polityka prywatno\u015bci\">Polityka Prywatno\u015bci<\/a><\/p>\n\n\n\n<p>Je\u017celi cho\u0107 troch\u0119 zainteresowa\u0142am Ci\u0119 i chcesz pozna\u0107 m\u00f3j punkt widzenia na \u015bwiat, to serdecznie zapraszam po prostu na bloga. Nie ukrywam te\u017c, \u017ce prowadzenie i utrzymanie tego rodzaju strony wi\u0105\u017ce si\u0119 z kosztami. Dlatego po zastanowieniu si\u0119 podj\u0119\u0142am decyzj\u0119, o do\u0142\u0105czeniu do programu kt\u00f3ry mo\u017cna okre\u015bli\u0107 jako piramida link\u00f3w. Przy czym zaznaczam, i\u017c wszelkie wpisy odnosz\u0105ce si\u0119 do takowej, s\u0105 specjalnie oznaczone jako &#8220;artyku\u0142 reklamowy&#8221; Wszelkie szczeg\u00f3\u0142y odnosz\u0105ce si\u0119 do piramidy link\u00f3w znajdziecie na odpowiedniej podstronie. Zapraszam do lektury, mo\u017ce temat te\u017c i Was zainteresuje<\/p>\n","protected":false},"excerpt":{"rendered":"<p>Serdecznie witam na swoim blogu. Witryna blogowisko.com.pl jest i b\u0119dzie blogiem, w kt\u00f3rym nie unikam i nie b\u0119d\u0119 unika\u0142a trudnych temat\u00f3w.&nbsp; W dzisiejszych czasach wiele os\u00f3b unika trudnych temat\u00f3w, zw\u0142aszcza w rozmowach publicznych czy na \u0142amach medi\u00f3w spo\u0142eczno\u015bciowych. Jednak\u017ce, czy powinni\u015bmy unika\u0107 tych temat\u00f3w? Czy lepiej jest mie\u0107 pe\u0142n\u0105 \u015bwiadomo\u015b\u0107 sytuacji i stawi\u0107 jej czo\u0142a, &hellip; <a href=\"https:\/\/blogowisko.com.pl\/\" class=\"more-link\">Czytaj dalej<span class=\"screen-reader-text\"> \u201eStrona G\u0142\u00f3wna\u201d<\/span><\/a><\/p>\n","protected":false},"author":1,"featured_media":263,"parent":0,"menu_order":1,"comment_status":"closed","ping_status":"closed","template":"","meta":{"footnotes":""},"class_list":["post-53","page","type-page","status-publish","has-post-thumbnail","hentry"],"aioseo_notices":[],"_links":{"self":[{"href":"https:\/\/blogowisko.com.pl\/index.php?rest_route=\/wp\/v2\/pages\/53","targetHints":{"allow":["GET"]}}],"collection":[{"href":"https:\/\/blogowisko.com.pl\/index.php?rest_route=\/wp\/v2\/pages"}],"about":[{"href":"https:\/\/blogowisko.com.pl\/index.php?rest_route=\/wp\/v2\/types\/page"}],"author":[{"embeddable":true,"href":"https:\/\/blogowisko.com.pl\/index.php?rest_route=\/wp\/v2\/users\/1"}],"replies":[{"embeddable":true,"href":"https:\/\/blogowisko.com.pl\/index.php?rest_route=%2Fwp%2Fv2%2Fcomments&post=53"}],"version-history":[{"count":11,"href":"https:\/\/blogowisko.com.pl\/index.php?rest_route=\/wp\/v2\/pages\/53\/revisions"}],"predecessor-version":[{"id":329,"href":"https:\/\/blogowisko.com.pl\/index.php?rest_route=\/wp\/v2\/pages\/53\/revisions\/329"}],"wp:featuredmedia":[{"embeddable":true,"href":"https:\/\/blogowisko.com.pl\/index.php?rest_route=\/wp\/v2\/media\/263"}],"wp:attachment":[{"href":"https:\/\/blogowisko.com.pl\/index.php?rest_route=%2Fwp%2Fv2%2Fmedia&parent=53"}],"curies":[{"name":"wp","href":"https:\/\/api.w.org\/{rel}","templated":true}]}}